{"id":11,"date":"2025-12-10T11:01:58","date_gmt":"2025-12-10T10:01:58","guid":{"rendered":"https:\/\/www.criewen.com\/wp\/?page_id=11"},"modified":"2025-12-18T10:13:35","modified_gmt":"2025-12-18T09:13:35","slug":"fussball","status":"publish","type":"page","link":"https:\/\/www.criewen.com\/wp\/fussball\/","title":{"rendered":"Fu\u00dfball"},"content":{"rendered":"\n<p>Die Abteilung Fu\u00dfball bildet das Kernst\u00fcck unseres Vereins. Aktuell sind etwa 55 aktive Mitglieder in der Fu\u00dfballabteilung gemeldet, welche sich \u00fcber zweie M\u00e4nnermannschafte in Spielgemeinschaft mit dem FC Schwedt 02, ein Altherrenteam \u00dc35 sowie unsere \u00dc50-Mannschaft verteilten.<\/p>\n\n\n\n<hr class=\"wp-block-separator has-alpha-channel-opacity is-style-wide\"\/>\n\n\n\n<p class=\"has-medium-font-size\">Training<\/p>\n\n\n\n<p>M\u00e4nnerbereich<br>Di. 18:30 Uhr \u2013 20:00 Uhr<br>Ansprechpartner: Benjamin Ehrlich, Tel. 0152 52600175<\/p>\n\n\n\n<p>Altherrenbereich<br>Mi. 18:30 Uhr \u2013 20:00 Uhr<br>Ansprechpartner: Hans-J\u00fcrgen Schmidt, Tel. 0172 9125623<\/p>\n","protected":false},"excerpt":{"rendered":"<p>Die Abteilung Fu\u00dfball bildet das Kernst\u00fcck unseres Vereins. Aktuell sind etwa 55 aktive Mitglieder in der Fu\u00dfballabteilung gemeldet, welche sich \u00fcber zweie M\u00e4nnermannschafte in Spielgemeinschaft mit dem FC Schwedt 02, ein Altherrenteam \u00dc35 sowie unsere \u00dc50-Mannschaft verteilten. Training M\u00e4nnerbereichDi. 18:30 Uhr \u2013 20:00 UhrAnsprechpartner: Benjamin Ehrlich, Tel. 0152 52600175 AltherrenbereichMi. 18:30 Uhr \u2013 20:00 UhrAnsprechpartner: [&hellip;]<\/p>\n","protected":false},"author":1,"featured_media":0,"parent":0,"menu_order":0,"comment_status":"closed","ping_status":"closed","template":"","meta":{"zakra_page_container_layout":"customizer","zakra_page_sidebar_layout":"customizer","zakra_remove_content_margin":false,"zakra_sidebar":"customizer","zakra_transparent_header":"customizer","zakra_logo":0,"zakra_main_header_style":"default","zakra_menu_item_color":"","zakra_menu_item_hover_color":"","zakra_menu_item_active_color":"","zakra_menu_active_style":"","zakra_page_header":true,"footnotes":""},"class_list":["post-11","page","type-page","status-publish","hentry"],"_links":{"self":[{"href":"https:\/\/www.criewen.com\/wp\/wp-json\/wp\/v2\/pages\/11","targetHints":{"allow":["GET"]}}],"collection":[{"href":"https:\/\/www.criewen.com\/wp\/wp-json\/wp\/v2\/pages"}],"about":[{"href":"https:\/\/www.criewen.com\/wp\/wp-json\/wp\/v2\/types\/page"}],"author":[{"embeddable":true,"href":"https:\/\/www.criewen.com\/wp\/wp-json\/wp\/v2\/users\/1"}],"replies":[{"embeddable":true,"href":"https:\/\/www.criewen.com\/wp\/wp-json\/wp\/v2\/comments?post=11"}],"version-history":[{"count":3,"href":"https:\/\/www.criewen.com\/wp\/wp-json\/wp\/v2\/pages\/11\/revisions"}],"predecessor-version":[{"id":7058,"href":"https:\/\/www.criewen.com\/wp\/wp-json\/wp\/v2\/pages\/11\/revisions\/7058"}],"wp:attachment":[{"href":"https:\/\/www.criewen.com\/wp\/wp-json\/wp\/v2\/media?parent=11"}],"curies":[{"name":"wp","href":"https:\/\/api.w.org\/{rel}","templated":true}]}}